{"id":212,"date":"2020-09-18T21:50:38","date_gmt":"2020-09-18T19:50:38","guid":{"rendered":"http:\/\/nosek-jewellery.cz\/?page_id=212"},"modified":"2020-10-31T19:43:06","modified_gmt":"2020-10-31T18:43:06","slug":"legal","status":"publish","type":"page","link":"https:\/\/nosek-zlatnik.com\/de\/legal\/","title":{"rendered":"Ochrana soukrom\u00ed a pou\u017e\u00edv\u00e1n\u00ed Cookies"},"content":{"rendered":"<p style=\"font-weight: 400;\">Z\u00e1sady ochrany osobn\u00edch \u00fadaj\u016f<\/p>\n<h1>Informace ke zpracov\u00e1n\u00ed osobn\u00edch dat<\/h1>\n<p style=\"font-weight: 400;\">LUK\u00c1\u0160 NOSEK db\u00e1 z role Spr\u00e1vce na ochranu osobn\u00edch \u00fadaj\u016f, kter\u00e9 n\u00e1m p\u0159ed\u00e1v\u00e1te. Je d\u016fle\u017eit\u00e9, abyste v\u011bd\u011bli, \u017ee osobn\u00ed \u00fadaje, kter\u00e9 n\u00e1m poskytujete, zpracov\u00e1v\u00e1me z\u00e1konn\u011b, transparentn\u011b, korektn\u011b, v minim\u00e1ln\u00edm mno\u017estv\u00ed a po dobu nezbytn\u011b nutnou, pro napln\u011bn\u00ed \u00fa\u010delu zpracov\u00e1n\u00ed a v souladu s Na\u0159\u00edzen\u00edm Evropsk\u00e9ho parlamentu a Rady (EU) 2016\/679.<\/p>\n<h1>Zabezpe\u010den\u00ed Va\u0161ich osobn\u00edch dat<\/h1>\n<p>Db\u00e1me na bezpe\u010dnost osobn\u00edch \u00fadaj\u016f, kter\u00e9 n\u00e1m p\u0159ed\u00e1v\u00e1te. P\u0159ijali jsme vhodn\u00e1 technick\u00e1 a organiza\u010dn\u00ed opat\u0159en\u00ed, abychom Va\u0161e data dostate\u010dn\u011b chr\u00e1nili s ohledem na z\u00e1va\u017enost jejich zpracov\u00e1n\u00ed. K Va\u0161im osobn\u00edm \u00fadaj\u016fm maj\u00ed p\u0159\u00edstup pouze opr\u00e1vn\u011bn\u00e9 osoby a nep\u0159ed\u00e1v\u00e1me jej bez Va\u0161eho souhlasu dal\u0161\u00edm subjekt\u016fm pro dal\u0161\u00ed zpracov\u00e1n\u00ed, pokud to nevy\u017eaduje z\u00e1kon.<\/p>\n<h1>Pr\u00e1vo na informace<\/h1>\n<p style=\"font-weight: 400;\">Va\u0161\u00edm pr\u00e1vem je po\u017e\u00e1dat n\u00e1s o informace, jak\u00e9 osobn\u00ed \u00fadaje a v jak\u00e9m rozsahu a pro jak\u00fd \u00fa\u010del o V\u00e1s zpracov\u00e1v\u00e1me. Tyto informace V\u00e1m poskytneme zdarma ve lh\u016ft\u011b nejpozd\u011bji 30 dn\u016f, v mimo\u0159\u00e1dn\u00fdch situac\u00edch pak nejpozd\u011bji ve lh\u016ft\u011b 90 dn\u016f. O prodlou\u017een\u00ed lh\u016fty v\u00a0mimo\u0159\u00e1dn\u00fdch p\u0159\u00edpadech V\u00e1s budeme v\u010das informovat. Pokud budete po\u017eadovat sd\u011blen\u00ed informac\u00ed, kter\u00e9 o V\u00e1s evidujeme, budeme nejprve pot\u0159ebovat ov\u011b\u0159it, \u017ee jste skute\u010dn\u011b osoba, kter\u00e9 n\u00e1le\u017e\u00ed tato informace. V \u017e\u00e1dosti tedy uve\u010fte dostate\u010dnou identifikaci Va\u0161\u00ed osoby. V p\u0159\u00edpad\u011b pot\u0159eby m\u00e1me pr\u00e1vo vy\u017e\u00e1dat si dopl\u0148uj\u00edc\u00ed informace k Va\u0161\u00ed identifikaci, ne\u017e V\u00e1m poskytneme osobn\u00ed \u00fadaje, kter\u00e9 zpracov\u00e1v\u00e1me k\u00a0Va\u0161\u00ed osob\u011b.<\/p>\n<p style=\"font-weight: 400;\">Na\u0161\u00edm pr\u00e1vem pak je od\u016fvodn\u011bn\u011b zam\u00edtnout po\u017eadavky na informace, kter\u00e9 jsou bezd\u016fvodn\u00e9, \u010di se nep\u0159im\u011b\u0159en\u011b opakuj\u00ed, p\u0159\u00edpadn\u011b jejich z\u00edsk\u00e1n\u00ed vy\u017eaduje nep\u0159im\u011b\u0159en\u00e9 \u00fasil\u00ed, nebo by byly obt\u00ed\u017en\u011b z\u00edskateln\u00e9.<\/p>\n<p style=\"font-weight: 400;\">\n<h1>Aktualizace \u00fadaj\u016f, pr\u00e1vo na opravu<\/h1>\n<p style=\"font-weight: 400;\">Jeliko\u017e se mohou osobn\u00ed \u00fadaje v pr\u016fb\u011bhu \u010dasu m\u011bnit (nap\u0159\u00edklad zm\u011bna P\u0159\u00edjmen\u00ed), budeme r\u00e1di, pokud n\u00e1s informujete, \u017ee u V\u00e1s nastala n\u011bjak\u00e1 zm\u011bna, tak abychom Va\u0161e osobn\u00ed \u00fadaje m\u011bli aktu\u00e1ln\u00ed a nedoch\u00e1zelo k p\u0159\u00edpadn\u00fdm omyl\u016fm.\u00a0 Pod\u00e1n\u00ed informace o zm\u011bn\u011b \u00fadaj\u016f je nezbytn\u011b nutn\u00e9 pro to, abychom mohli \u0159\u00e1dn\u011b vykon\u00e1vat svoji \u010dinnost Spr\u00e1vce.<\/p>\n<p style=\"font-weight: 400;\">S t\u00edm souvis\u00ed i Va\u0161e pr\u00e1vo na opravu osobn\u00edch \u00fadaj\u016f, kter\u00e9 o V\u00e1s evidujeme.<\/p>\n<p style=\"font-weight: 400;\">\n<h1>N\u00e1mitky<\/h1>\n<p style=\"font-weight: 400;\">Pokud se domn\u00edv\u00e1te, \u017ee Va\u0161e osobn\u00ed \u00fadaje nezpracov\u00e1v\u00e1me v souladu s\u00a0platnou legislativou \u010cR a Unie, m\u00e1te pr\u00e1vo vzn\u00e9st n\u00e1mitku a my n\u00e1sledn\u011b prov\u011b\u0159\u00edme opr\u00e1vn\u011bnost Va\u0161eho po\u017eadavku. V\u00a0okam\u017eiku pod\u00e1n\u00ed n\u00e1mitky, bude zpracov\u00e1n\u00ed va\u0161ich osobn\u00edch \u00fadaj\u016f omezeno, dokud nebude ov\u011b\u0159eno, zda je n\u00e1mitka opr\u00e1vn\u011bn\u00e1. Informujeme V\u00e1s, \u017ee Va\u0161\u00edm pr\u00e1vem je obr\u00e1tit se tak\u00e9 s n\u00e1mitkou proti zpracov\u00e1van\u00fdm osobn\u00edm \u00fadaj\u016fm, kter\u00e9 o V\u00e1s zpracov\u00e1v\u00e1me na p\u0159\u00edslu\u0161n\u00fd dozorov\u00fd \u00fa\u0159ad na Ochranu Osobn\u00edch \u00dadaj\u016f na adrese:<\/p>\n<p style=\"font-weight: 400;\">\u00da\u0159ad pro ochranu osobn\u00edch \u00fadaj\u016f<\/p>\n<p style=\"font-weight: 400;\">Pplk. Sochora 27<\/p>\n<p style=\"font-weight: 400;\">170 00 Praha 7<\/p>\n<p style=\"font-weight: 400;\">\n<h1>Pr\u00e1vo na omezen\u00ed zpracov\u00e1n\u00ed<\/h1>\n<p style=\"font-weight: 400;\">M\u00e1te pr\u00e1vo na omezen\u00ed zpracov\u00e1n\u00ed va\u0161ich osobn\u00edch \u00fadaj\u016f, v\u00a0p\u0159\u00edpad\u011b, \u017ee se domn\u00edv\u00e1te, \u017ee takto evidovan\u00e9 nejsou p\u0159esn\u00e9, p\u0159\u00edpadn\u011b je zpracov\u00e1v\u00e1me protipr\u00e1vn\u011b a d\u00e1le pokud se domn\u00edv\u00e1te, \u017ee tyto \u00fadaje ji\u017e nepot\u0159ebujeme pro \u00fa\u010dely jejich zpracov\u00e1n\u00ed. To se net\u00fdk\u00e1 zpracov\u00e1n\u00ed osobn\u00edch \u00fadaj\u016f ze z\u00e1konn\u00fdch d\u016fvod\u016f.<\/p>\n<p style=\"font-weight: 400;\">\n<h1>Pr\u00e1vo na v\u00fdmaz<\/h1>\n<p style=\"font-weight: 400;\">Pokud jste n\u00e1m n\u011bkdy ud\u011blili souhlas se zpracov\u00e1n\u00edm sv\u00fdch osobn\u00edch \u00fadaj\u016f (nap\u0159\u00edklad emailov\u00e1 adresa v r\u00e1mci zas\u00edlan\u00e9ho newsletteru), m\u00e1te pr\u00e1vo jej kdykoli odvolat a my \u00fadaje, kter\u00e9 zpracov\u00e1v\u00e1me v\u00fdhradn\u011b na z\u00e1klad\u011b Va\u0161eho souhlasu, m\u00e1me povinnost vymazat. Pr\u00e1vo na v\u00fdmaz se nevztahuje na zpracov\u00e1van\u00e9 \u00fadaje v r\u00e1mci povinnosti pln\u011bn\u00ed smlouvy, z\u00e1konn\u00fdch d\u016fvod\u016f, \u010di opr\u00e1vn\u011bn\u00fdch z\u00e1jm\u016f. Pokud jsou n\u011bkter\u00e1 Va\u0161e data uchov\u00e1v\u00e1na v\u00a0z\u00e1lo\u017en\u00edch syst\u00e9mech, kter\u00e9 automatizovan\u011b zaji\u0161\u0165uj\u00ed odolnost v\u0161ech na\u0161ich syst\u00e9m\u016f a pln\u00ed funkci ochrany ztr\u00e1ty dat pro p\u0159\u00edpady hav\u00e1ri\u00ed. Nicm\u00e9n\u011b tato data nejsou d\u00e1le nijak aktivn\u011b zpracov\u00e1v\u00e1na a nebudou slou\u017eit k\u00a0dal\u0161\u00edm \u00fa\u010del\u016fm zpracov\u00e1n\u00ed.<\/p>\n<p style=\"font-weight: 400;\">\n<h1>Kam se m\u016f\u017eete obr\u00e1tit<\/h1>\n<p style=\"font-weight: 400;\">Se sv\u00fdmi dotazy na ochranu osobn\u00edch \u00fadaj\u016f se m\u016f\u017eete tak\u00e9 obracet na email info@nosek-jewellery.cz<\/p>\n<h1>Anal\u00fdza a statistiky<\/h1>\n<p style=\"font-weight: 400;\">Webov\u00e9 str\u00e1nky monitorujeme a analyzujeme pomoc\u00ed analytick\u00fdch slu\u017eeb. \u017d\u00e1dn\u00e9 z\u00a0\u00fadaj\u016f, kter\u00e9 pomoc\u00ed t\u00e9to slu\u017eby analyzujeme nejsou Va\u0161imi osobn\u00edmi \u00fadaji. Pomoc\u00ed t\u00e9to slu\u017eby zji\u0161\u0165ujeme n\u00e1v\u0161t\u011bvnost a geografick\u00e9 \u00fadaje, informace o prohl\u00ed\u017ee\u010di a opera\u010dn\u00edho syst\u00e9mu, ze kter\u00e9ho na na\u0161e webov\u00e9 str\u00e1nky p\u0159istupujete. V\u0161echny tyto informace, mohou b\u00fdt vyu\u017eity pro marketingov\u00e9 \u00fa\u010dely, pro \u00fa\u010dely dal\u0161\u00edho zlep\u0161ov\u00e1n\u00ed webov\u00fdch str\u00e1nek a obsahu a tak\u00e9 pro \u00fa\u010dely pr\u00e1vn\u00ed ochrany.<\/p>\n","protected":false},"excerpt":{"rendered":"<p>Z\u00e1sady ochrany osobn\u00edch \u00fadaj\u016f Informace ke zpracov\u00e1n\u00ed osobn\u00edch dat LUK\u00c1\u0160 NOSEK db\u00e1 z role Spr\u00e1vce na ochranu osobn\u00edch \u00fadaj\u016f, kter\u00e9 n\u00e1m p\u0159ed\u00e1v\u00e1te. Je d\u016fle\u017eit\u00e9, abyste v\u011bd\u011bli, \u017ee osobn\u00ed \u00fadaje, kter\u00e9 n\u00e1m poskytujete, zpracov\u00e1v\u00e1me z\u00e1konn\u011b, transparentn\u011b, korektn\u011b, v minim\u00e1ln\u00edm mno\u017estv\u00ed a po dobu nezbytn\u011b nutnou, pro napln\u011bn\u00ed \u00fa\u010delu zpracov\u00e1n\u00ed a v souladu s Na\u0159\u00edzen\u00edm Evropsk\u00e9ho parlamentu [&hellip;]<\/p>\n","protected":false},"author":1,"featured_media":61,"parent":0,"menu_order":0,"comment_status":"closed","ping_status":"closed","template":"legal.php","meta":{"footnotes":""},"acf":[],"aioseo_notices":[],"_links":{"self":[{"href":"https:\/\/nosek-zlatnik.com\/de\/wp-json\/wp\/v2\/pages\/212"}],"collection":[{"href":"https:\/\/nosek-zlatnik.com\/de\/wp-json\/wp\/v2\/pages"}],"about":[{"href":"https:\/\/nosek-zlatnik.com\/de\/wp-json\/wp\/v2\/types\/page"}],"author":[{"embeddable":true,"href":"https:\/\/nosek-zlatnik.com\/de\/wp-json\/wp\/v2\/users\/1"}],"replies":[{"embeddable":true,"href":"https:\/\/nosek-zlatnik.com\/de\/wp-json\/wp\/v2\/comments?post=212"}],"version-history":[{"count":7,"href":"https:\/\/nosek-zlatnik.com\/de\/wp-json\/wp\/v2\/pages\/212\/revisions"}],"predecessor-version":[{"id":454,"href":"https:\/\/nosek-zlatnik.com\/de\/wp-json\/wp\/v2\/pages\/212\/revisions\/454"}],"wp:featuredmedia":[{"embeddable":true,"href":"https:\/\/nosek-zlatnik.com\/de\/wp-json\/wp\/v2\/media\/61"}],"wp:attachment":[{"href":"https:\/\/nosek-zlatnik.com\/de\/wp-json\/wp\/v2\/media?parent=212"}],"curies":[{"name":"wp","href":"https:\/\/api.w.org\/{rel}","templated":true}]}}