{"id":388,"date":"2020-09-20T15:23:31","date_gmt":"2020-09-20T13:23:31","guid":{"rendered":"http:\/\/nosek-jewellery.cz\/?post_type=product&#038;p=388"},"modified":"2020-10-29T23:10:50","modified_gmt":"2020-10-29T22:10:50","slug":"388","status":"publish","type":"product","link":"https:\/\/nosek-zlatnik.com\/de\/product\/388\/","title":{"rendered":"Ring aus der Elegance collection"},"content":{"rendered":"<p>Es liegt immer an Ihnen, ob ich Schmuck aus Gold oder Silber herstelle. Sie k\u00f6nnen auch ausw\u00e4hlen, ob das Gold 14 oder 18 Karat sein wird. Auf Bestellung kann ich Ihren Ring mit einem Diamanten oder einem Sirius-Edelstein verzieren. Ihr Schmuckst\u00fcck kann auch mit Smaragden, Saphiren und Rubinen erg\u00e4nzt werden. Bitte kontaktieren Sie mich f\u00fcr ein individuelles Preisangebot.<\/p>\n","protected":false},"excerpt":{"rendered":"<p>Es liegt immer an Ihnen, ob ich Schmuck aus Gold oder Silber herstelle. Sie k\u00f6nnen auch ausw\u00e4hlen, ob das Gold 14 oder 18 Karat sein wird. Auf Bestellung kann ich Ihren Ring mit einem Diamanten oder einem Sirius-Edelstein verzieren. Ihr Schmuckst\u00fcck kann auch mit Smaragden, Saphiren und Rubinen erg\u00e4nzt werden. Bitte kontaktieren Sie mich f\u00fcr [&hellip;]<\/p>\n","protected":false},"featured_media":251,"template":"","meta":[],"product_cat":[16],"product_tag":[],"acf":[],"aioseo_notices":[],"_links":{"self":[{"href":"https:\/\/nosek-zlatnik.com\/de\/wp-json\/wp\/v2\/product\/388"}],"collection":[{"href":"https:\/\/nosek-zlatnik.com\/de\/wp-json\/wp\/v2\/product"}],"about":[{"href":"https:\/\/nosek-zlatnik.com\/de\/wp-json\/wp\/v2\/types\/product"}],"wp:featuredmedia":[{"embeddable":true,"href":"https:\/\/nosek-zlatnik.com\/de\/wp-json\/wp\/v2\/media\/251"}],"wp:attachment":[{"href":"https:\/\/nosek-zlatnik.com\/de\/wp-json\/wp\/v2\/media?parent=388"}],"wp:term":[{"taxonomy":"product_cat","embeddable":true,"href":"https:\/\/nosek-zlatnik.com\/de\/wp-json\/wp\/v2\/product_cat?post=388"},{"taxonomy":"product_tag","embeddable":true,"href":"https:\/\/nosek-zlatnik.com\/de\/wp-json\/wp\/v2\/product_tag?post=388"}],"curies":[{"name":"wp","href":"https:\/\/api.w.org\/{rel}","templated":true}]}}